{"id":211,"date":"2026-03-07T13:52:56","date_gmt":"2026-03-07T13:52:56","guid":{"rendered":"https:\/\/heogiongtayninh.com\/?post_type=product&#038;p=211"},"modified":"2026-03-07T15:17:03","modified_gmt":"2026-03-07T15:17:03","slug":"may-ep-cam-vien-s160","status":"publish","type":"product","link":"https:\/\/heogiongtayninh.com\/index.php\/san-pham\/may-ep-cam-vien-s160\/","title":{"rendered":"M\u00e1y \u00e9p c\u00e1m vi\u00ean S160"},"content":{"rendered":"","protected":false},"excerpt":{"rendered":"<p>M\u00e1y \u00e9p c\u00e1m vi\u00ean S160 c\u00f3 moto 3kw c\u00f3 h\u1ed9p s\u1ed1 ch\u1ea1y d\u00e2y curoa<br \/>\n&#8211; Motor 3.5kw To\u00e0n Ph\u00e1t<br \/>\n&#8211; Ngu\u1ed3n \u0111i\u1ec7n 220V<br \/>\n&#8211; N\u0103ng su\u1ea5t \u00e9p kho\u1ea3ng 80-150kg\/gi\u1edd<\/p>\n<p> T\u00ednh n\u0103ng: chuy\u00ean nghi\u1ec1n \u00e9p b\u1ed9t c\u00e1m, h\u1ed7n h\u1ee3p ng\u00f4, l\u00faa, c\u00e1 \u1ed1c, rau c\u1ecf&#8230; th\u00e0nh c\u00e1m vi\u00ean ch\u0103n nu\u00f4i dinh d\u01b0\u1ee1ng<br \/>\n&#8211; Tr\u1ecdng l\u01b0\u1ee3ng nguy\u00ean b\u1ed9: tr\u00ean 80kg<br \/>\n&#8211; M\u00e1y \u0111\u01b0\u1ee3c thi\u1ebft k\u1ebf d\u00e0y d\u1eb7n, \u0111\u1ed9 b\u1ec1n cao, an to\u00e0n cho ng\u01b0\u1eddi s\u1eed d\u1ee5ng<\/p>\n","protected":false},"featured_media":200,"comment_status":"open","ping_status":"closed","template":"","meta":{"site-sidebar-layout":"default","site-content-layout":"","ast-site-content-layout":"default","site-content-style":"default","site-sidebar-style":"default","ast-global-header-display":"","ast-banner-title-visibility":"","ast-main-header-display":"","ast-hfb-above-header-display":"","ast-hfb-below-header-display":"","ast-hfb-mobile-header-display":"","site-post-title":"","ast-breadcrumbs-content":"","ast-featured-img":"","footer-sml-layout":"","ast-disable-related-posts":"","theme-transparent-header-meta":"default","adv-header-id-meta":"","stick-header-meta":"","header-above-stick-meta":"","header-main-stick-meta":"","header-below-stick-meta":"","astra-migrate-meta-layouts":"set","ast-page-background-enabled":"default","ast-page-background-meta":{"desktop":{"background-color":"var(--ast-global-color-5)","background-image":"","background-repeat":"repeat","background-position":"center center","background-size":"auto","background-attachment":"scroll","background-type":"","background-media":"","overlay-type":"","overlay-color":"","overlay-opacity":"","overlay-gradient":""},"tablet":{"background-color":"","background-image":"","background-repeat":"repeat","background-position":"center center","background-size":"auto","background-attachment":"scroll","background-type":"","background-media":"","overlay-type":"","overlay-color":"","overlay-opacity":"","overlay-gradient":""},"mobile":{"background-color":"","background-image":"","background-repeat":"repeat","background-position":"center center","background-size":"auto","background-attachment":"scroll","background-type":"","background-media":"","overlay-type":"","overlay-color":"","overlay-opacity":"","overlay-gradient":""}},"ast-content-background-meta":{"desktop":{"background-color":"var(--ast-global-color-4)","background-image":"","background-repeat":"repeat","background-position":"center center","background-size":"auto","background-attachment":"scroll","background-type":"","background-media":"","overlay-type":"","overlay-color":"","overlay-opacity":"","overlay-gradient":""},"tablet":{"background-color":"var(--ast-global-color-4)","background-image":"","background-repeat":"repeat","background-position":"center center","background-size":"auto","background-attachment":"scroll","background-type":"","background-media":"","overlay-type":"","overlay-color":"","overlay-opacity":"","overlay-gradient":""},"mobile":{"background-color":"var(--ast-global-color-4)","background-image":"","background-repeat":"repeat","background-position":"center center","background-size":"auto","background-attachment":"scroll","background-type":"","background-media":"","overlay-type":"","overlay-color":"","overlay-opacity":"","overlay-gradient":""}}},"product_brand":[],"product_cat":[19],"product_tag":[],"class_list":{"0":"post-211","1":"product","2":"type-product","3":"status-publish","4":"has-post-thumbnail","6":"product_cat-may-moc-trong-chan-nuoi","7":"desktop-align-left","8":"tablet-align-left","9":"mobile-align-left","11":"first","12":"instock","13":"shipping-taxable","14":"purchasable","15":"product-type-simple"},"_links":{"self":[{"href":"https:\/\/heogiongtayninh.com\/index.php\/wp-json\/wp\/v2\/product\/211","targetHints":{"allow":["GET"]}}],"collection":[{"href":"https:\/\/heogiongtayninh.com\/index.php\/wp-json\/wp\/v2\/product"}],"about":[{"href":"https:\/\/heogiongtayninh.com\/index.php\/wp-json\/wp\/v2\/types\/product"}],"replies":[{"embeddable":true,"href":"https:\/\/heogiongtayninh.com\/index.php\/wp-json\/wp\/v2\/comments?post=211"}],"wp:featuredmedia":[{"embeddable":true,"href":"https:\/\/heogiongtayninh.com\/index.php\/wp-json\/wp\/v2\/media\/200"}],"wp:attachment":[{"href":"https:\/\/heogiongtayninh.com\/index.php\/wp-json\/wp\/v2\/media?parent=211"}],"wp:term":[{"taxonomy":"product_brand","embeddable":true,"href":"https:\/\/heogiongtayninh.com\/index.php\/wp-json\/wp\/v2\/product_brand?post=211"},{"taxonomy":"product_cat","embeddable":true,"href":"https:\/\/heogiongtayninh.com\/index.php\/wp-json\/wp\/v2\/product_cat?post=211"},{"taxonomy":"product_tag","embeddable":true,"href":"https:\/\/heogiongtayninh.com\/index.php\/wp-json\/wp\/v2\/product_tag?post=211"}],"curies":[{"name":"wp","href":"https:\/\/api.w.org\/{rel}","templated":true}]}}